{"id":62,"date":"2017-02-16T18:56:07","date_gmt":"2017-02-16T18:56:07","guid":{"rendered":"http:\/\/wp.t-n-tec.de\/?page_id=62"},"modified":"2023-01-29T16:59:05","modified_gmt":"2023-01-29T15:59:05","slug":"herzlich-willkommen-auf-der-neuen-homepage","status":"publish","type":"page","link":"http:\/\/www.t-n-tec.de\/de\/","title":{"rendered":"Willkommen bei"},"content":{"rendered":"<div class=\"wp-block-image\">\n<figure class=\"aligncenter size-full\"><img loading=\"lazy\" decoding=\"async\" width=\"360\" height=\"116\" src=\"http:\/\/wp.t-n-tec.de\/wp-content\/uploads\/2020\/02\/tntec_logo_360_black.png\" alt=\"\" class=\"wp-image-245\" srcset=\"http:\/\/www.t-n-tec.de\/wp-content\/uploads\/2020\/02\/tntec_logo_360_black.png 360w, http:\/\/www.t-n-tec.de\/wp-content\/uploads\/2020\/02\/tntec_logo_360_black-300x97.png 300w\" sizes=\"auto, (max-width: 360px) 100vw, 360px\" \/><\/figure><\/div>\n\n<p><strong>t-n-tec<\/strong> ist Ihr kompetenter Anbieter von Zielmedien f\u00fcr die Disziplinen aller Schie\u00dfsportverb\u00e4nde. Als Hersteller von innovativen Techniken im Bereich der beweglichen und statischen Zielmedien finden Sie in unserem Portfolio mit Sicherheit die Produkte, die Ihren Anforderungen entsprechen. Falls nicht, entwickeln wir es f\u00fcr Sie!<\/p>\n<p>Durch unsere langj\u00e4hrigen Erfahrungen im Schie\u00dfsport, kennen wir die Anforderungen an interessante und anspruchsvolle Zieldarstellungen und die W\u00fcnsche der Sch\u00fctzen. Durch unsere mechanischen und pneumatischen L\u00f6sungen k\u00f6nnen wir Ihnen Produkte anbieten, die speziell auf Ihre Anforderungen abgestimmt sind.<\/p>\n<p>Auf Wunsch \u00fcbernehmen wir auch die Wartung der bei uns erworbenen Produkte.<\/p>\n<p align=\"left\"><span style=\"font-family: Arial, Helvetica, sans-serif;\">Wir w\u00fcnschen Ihnen viel Spa\u00df auf unserer Homepage!<\/span><\/p>\n<p align=\"left\"><span style=\"font-family: Arial, Helvetica, sans-serif;\"><em><strong><img loading=\"lazy\" decoding=\"async\" src=\"http:\/\/www.t-n-tec.de\/pic\/blank.gif\" width=\"30\" height=\"8\" \/>t-n-tec<br \/><\/strong> Heiko Schrader<\/em><\/span><\/p>\n<p><span style=\"font-family: Arial, Helvetica, sans-serif;\">Bei Fragen zu unseren Produkten und Leistungen stehen wir Ihnen gern zur Verf\u00fcgung!<\/span><\/p>\n\n\n<p><\/p>\n","protected":false},"excerpt":{"rendered":"<p>t-n-tec ist Ihr kompetenter Anbieter von Zielmedien f\u00fcr die Disziplinen aller Schie\u00dfsportverb\u00e4nde. Als Hersteller von innovativen Techniken im Bereich der beweglichen und statischen Zielmedien finden Sie in unserem Portfolio mit Sicherheit die Produkte, die Ihren Anforderungen entsprechen. Falls nicht, entwickeln&#8230; <a class=\"more-link\" href=\"http:\/\/www.t-n-tec.de\/de\/\">Weiterlesen &rarr;<\/a><\/p>\n","protected":false},"author":1,"featured_media":0,"parent":0,"menu_order":0,"comment_status":"closed","ping_status":"closed","template":"template-fullwidth.php","meta":{"footnotes":""},"class_list":["post-62","page","type-page","status-publish","hentry"],"translation":{"provider":"WPGlobus","version":"3.0.0","language":"de","enabled_languages":["en","de"],"languages":{"en":{"title":true,"content":true,"excerpt":false},"de":{"title":false,"content":false,"excerpt":false}}},"_links":{"self":[{"href":"http:\/\/www.t-n-tec.de\/de\/wp-json\/wp\/v2\/pages\/62","targetHints":{"allow":["GET"]}}],"collection":[{"href":"http:\/\/www.t-n-tec.de\/de\/wp-json\/wp\/v2\/pages"}],"about":[{"href":"http:\/\/www.t-n-tec.de\/de\/wp-json\/wp\/v2\/types\/page"}],"author":[{"embeddable":true,"href":"http:\/\/www.t-n-tec.de\/de\/wp-json\/wp\/v2\/users\/1"}],"replies":[{"embeddable":true,"href":"http:\/\/www.t-n-tec.de\/de\/wp-json\/wp\/v2\/comments?post=62"}],"version-history":[{"count":22,"href":"http:\/\/www.t-n-tec.de\/de\/wp-json\/wp\/v2\/pages\/62\/revisions"}],"predecessor-version":[{"id":281,"href":"http:\/\/www.t-n-tec.de\/de\/wp-json\/wp\/v2\/pages\/62\/revisions\/281"}],"wp:attachment":[{"href":"http:\/\/www.t-n-tec.de\/de\/wp-json\/wp\/v2\/media?parent=62"}],"curies":[{"name":"wp","href":"https:\/\/api.w.org\/{rel}","templated":true}]}}